{"id":1909,"date":"2021-05-26T13:29:56","date_gmt":"2021-05-26T11:29:56","guid":{"rendered":"http:\/\/www.artigasalimentaria.com\/?page_id=1909"},"modified":"2021-05-27T10:18:52","modified_gmt":"2021-05-27T08:18:52","slug":"certificacions","status":"publish","type":"page","link":"https:\/\/www.artigasalimentaria.com\/es\/certificacions\/","title":{"rendered":"Certificacions"},"content":{"rendered":"\n<p class=\"has-text-align-left\"><strong>PORC-CAMB-Solucions innovadores de reducci\u00f3 de contaminaci\u00f3 ambiental per a<br>millorar el benestar animal en granges de porc\u00ed<\/strong><\/p>\n\n\n\n<div class=\"wp-block-buttons is-layout-flex wp-block-buttons-is-layout-flex\">\n<div class=\"wp-block-button\"><a class=\"wp-block-button__link\" href=\"http:\/\/www.artigasalimentaria.com\/wp-content\/uploads\/2021\/05\/CAT-INICIAL-pilot-2019_027_Grup-sanejament-porci-girona-1.pdf\" target=\"_blank\" rel=\"noreferrer noopener\">BAIXA<\/a><\/div>\n<\/div>\n\n\n\n<p><strong>Certificats de Benestar Animal a les granges<\/strong><\/p>\n\n\n\n<div class=\"wp-block-buttons is-layout-flex wp-block-buttons-is-layout-flex\">\n<div class=\"wp-block-button\"><a class=\"wp-block-button__link\" href=\"http:\/\/www.artigasalimentaria.com\/wp-content\/uploads\/2021\/05\/Certificat-benestar-animal.pdf\" target=\"_blank\" rel=\"noreferrer noopener\">BAIXA<\/a><\/div>\n<\/div>\n\n\n\n<p><strong>Certificats de Benestar Animal a l&#8217;escorxador<\/strong><\/p>\n\n\n\n<p>Certificaci\u00f3 en Benestar Animal Welfair\u2122 homologada per IRTA<br>i NEIKER basada en els referencials Europeus Welfare Quality i<br>AWIN\u00ae\u201d<\/p>\n\n\n\n<div class=\"wp-block-buttons is-layout-flex wp-block-buttons-is-layout-flex\">\n<div class=\"wp-block-button\"><a class=\"wp-block-button__link\" href=\"http:\/\/www.artigasalimentaria.com\/wp-content\/uploads\/2021\/05\/BA-20190043-u-ARTIGAS-MOD-20210329-c.pdf\" target=\"_blank\" rel=\"noreferrer noopener\">BAIXA<\/a><\/div>\n\n\n\n<div class=\"wp-block-button\"><a class=\"wp-block-button__link\" href=\"http:\/\/www.artigasalimentaria.com\/wp-content\/uploads\/2021\/05\/Certificat-benestar-animal-328-1.pdf\" target=\"_blank\" rel=\"noreferrer noopener\">BAIXA<\/a><\/div>\n\n\n\n<div class=\"wp-block-button\"><a class=\"wp-block-button__link\" href=\"http:\/\/www.artigasalimentaria.com\/wp-content\/uploads\/2021\/05\/Certificat-BA-311-v2-1.pdf\" target=\"_blank\" rel=\"noreferrer noopener\">BAIXA<\/a><\/div>\n\n\n\n<div class=\"wp-block-button\"><a class=\"wp-block-button__link\" href=\"http:\/\/www.artigasalimentaria.com\/wp-content\/uploads\/2021\/05\/Certificat-annex-tecnic-Artigas-Alimentaria-elaborats-versio-3-1.pdf\" target=\"_blank\" rel=\"noreferrer noopener\">BAIXA<\/a><\/div>\n<\/div>\n\n\n\n<p><\/p>\n","protected":false},"excerpt":{"rendered":"<p>PORC-CAMB-Solucions innovadores de reducci\u00f3 de contaminaci\u00f3 ambiental per amillorar el benestar animal en granges de porc\u00ed Certificats de Benestar Animal a les granges Certificats de <a class=\"read-more\" href=\"https:\/\/www.artigasalimentaria.com\/es\/certificacions\/\">&#8230;<\/a><\/p>\n","protected":false},"author":2,"featured_media":0,"parent":0,"menu_order":2,"comment_status":"closed","ping_status":"closed","template":"","meta":{"_exactmetrics_skip_tracking":false,"_exactmetrics_sitenote_active":false,"_exactmetrics_sitenote_note":"","_exactmetrics_sitenote_category":0,"footnotes":""},"class_list":["post-1909","page","type-page","status-publish","hentry"],"_links":{"self":[{"href":"https:\/\/www.artigasalimentaria.com\/es\/wp-json\/wp\/v2\/pages\/1909","targetHints":{"allow":["GET"]}}],"collection":[{"href":"https:\/\/www.artigasalimentaria.com\/es\/wp-json\/wp\/v2\/pages"}],"about":[{"href":"https:\/\/www.artigasalimentaria.com\/es\/wp-json\/wp\/v2\/types\/page"}],"author":[{"embeddable":true,"href":"https:\/\/www.artigasalimentaria.com\/es\/wp-json\/wp\/v2\/users\/2"}],"replies":[{"embeddable":true,"href":"https:\/\/www.artigasalimentaria.com\/es\/wp-json\/wp\/v2\/comments?post=1909"}],"version-history":[{"count":7,"href":"https:\/\/www.artigasalimentaria.com\/es\/wp-json\/wp\/v2\/pages\/1909\/revisions"}],"predecessor-version":[{"id":2029,"href":"https:\/\/www.artigasalimentaria.com\/es\/wp-json\/wp\/v2\/pages\/1909\/revisions\/2029"}],"wp:attachment":[{"href":"https:\/\/www.artigasalimentaria.com\/es\/wp-json\/wp\/v2\/media?parent=1909"}],"curies":[{"name":"wp","href":"https:\/\/api.w.org\/{rel}","templated":true}]}}